{"id":12949,"date":"2018-11-07T10:07:24","date_gmt":"2018-11-07T10:07:24","guid":{"rendered":"https:\/\/www.kirju.co\/stores\/"},"modified":"2021-10-13T15:54:24","modified_gmt":"2021-10-13T12:54:24","slug":"stores","status":"publish","type":"page","link":"https:\/\/www.kirju.co\/et\/stores\/","title":{"rendered":"Edasim\u00fc\u00fcjad"},"content":{"rendered":"<div class=\"row align-center\"  id=\"row-969156751\">\n\n\t<div id=\"col-1039207961\" class=\"col medium-5 small-9 large-5\"  >\n\t\t\t\t<div class=\"col-inner text-center\"  >\n\t\t\t\n\t\t\t\n\t<div id=\"gap-34098126\" class=\"gap-element clearfix\" style=\"display:block; height:auto;\">\n\t\t\n<style>\n#gap-34098126 {\n  padding-top: 45px;\n}\n<\/style>\n\t<\/div>\n\t\n\t<div id=\"text-3924781225\" class=\"text\">\n\t\t\n<h2><span style=\"font-size: 130%;\">Edasim\u00fc\u00fcjad<\/span><\/h2>\n<p><em>Kui olete huvitatud edasim\u00fc\u00fcjaks, v\u00f5tke meiega \u00fchendust aadressil <a href=\"mailto:info@kirju.co\">info@kirju.co<\/a><\/em><\/p>\n\t\t\n<style>\n#text-3924781225 {\n  font-size: 0.75rem;\n  line-height: 2.5;\n  text-align: center;\n}\n<\/style>\n\t<\/div>\n\t\n\t\t<\/div>\n\t\t\t\t\t<\/div>\n\n\t\n<\/div>\n<div class=\"row align-center\"  id=\"row-2073985816\">\n\n\t<div id=\"col-765585331\" class=\"col medium-4 small-8 large-4\"  >\n\t\t\t\t<div class=\"col-inner\"  >\n\t\t\t\n\t\t\t\n\n\t\t<div class=\"icon-box featured-box icon-box-center text-center is-small\"  >\n\t\t\t\t<div class=\"icon-box-text last-reset\">\n\t\t\t\t\t\t\t\t\t\n<h3>TALI Concept<\/h3>\n<p>Kotzebue 33, 10412 Tallinn, Estonia<br \/><a href=\"https:\/\/www.talidesign.eu\">www.talidesign.eu<\/a><\/p>\n\t\t<\/div>\n\t<\/div>\n\t\n\t\n\t\t<\/div>\n\t\t\t\t\t<\/div>\n\n\t\n\n\t<div id=\"col-403057545\" class=\"col medium-4 small-8 large-4\"  >\n\t\t\t\t<div class=\"col-inner\"  >\n\t\t\t\n\t\t\t\n\n\t\t<div class=\"icon-box featured-box icon-box-center text-center is-small\"  >\n\t\t\t\t<div class=\"icon-box-text last-reset\">\n\t\t\t\t\t\t\t\t\t\n\t\t<\/div>\n\t<\/div>\n\t\n\t\n\t\t<\/div>\n\t\t\t\t\t<\/div>\n\n\t\n\n\t<div id=\"col-925622003\" class=\"col medium-4 small-8 large-4\"  >\n\t\t\t\t<div class=\"col-inner\"  >\n\t\t\t\n\t\t\t\n\n\t\t<div class=\"icon-box featured-box icon-box-center text-center is-small\"  >\n\t\t\t\t<div class=\"icon-box-text last-reset\">\n\t\t\t\t\t\t\t\t\t\n\t\t<\/div>\n\t<\/div>\n\t\n\t\n\t\t<\/div>\n\t\t\t\t\t<\/div>\n\n\t\n<\/div>\n<div class=\"row align-center\"  id=\"row-1348094010\">\n\n\t<div id=\"col-443466012\" class=\"col medium-4 small-8 large-4\"  >\n\t\t\t\t<div class=\"col-inner\"  >\n\t\t\t\n\t\t\t\n\n\t\t<div class=\"icon-box featured-box icon-box-center text-center is-small\"  >\n\t\t\t\t<div class=\"icon-box-text last-reset\">\n\t\t\t\t\t\t\t\t\t\n<h3>Pallopsoni disainipood<\/h3>\n<p>Kauba 1, 93819<br \/>\nKuressaare<\/p>\n\t\t<\/div>\n\t<\/div>\n\t\n\t\n\t\t<\/div>\n\t\t\t\t\t<\/div>\n\n\t\n\n\t<div id=\"col-1778264809\" class=\"col medium-4 small-8 large-4\"  >\n\t\t\t\t<div class=\"col-inner\"  >\n\t\t\t\n\t\t\t\n\n\t\t<div class=\"icon-box featured-box icon-box-center text-center is-small\"  >\n\t\t\t\t<div class=\"icon-box-text last-reset\">\n\t\t\t\t\t\t\t\t\t\n<h3>Oma Asi Design<\/h3>\n<p>Viru 21, 10148<br \/>\nTallinn<\/p>\n\t\t<\/div>\n\t<\/div>\n\t\n\t\n\t\t<\/div>\n\t\t\t\t\t<\/div>\n\n\t\n\n\t<div id=\"col-866197473\" class=\"col medium-4 small-8 large-4\"  >\n\t\t\t\t<div class=\"col-inner\"  >\n\t\t\t\n\t\t\t\n\n\t\t<div class=\"icon-box featured-box icon-box-center text-center is-small\"  >\n\t\t\t\t<div class=\"icon-box-text last-reset\">\n\t\t\t\t\t\t\t\t\t\n<h3>Iloinen Viivi<\/h3>\n<p>Asematie 43<br \/>\n73100 Lapinlahti, Finland<\/p>\n\t\t<\/div>\n\t<\/div>\n\t\n\t\n\t\t<\/div>\n\t\t\t\t\t<\/div>\n\n\t\n<\/div>\n<div class=\"row align-center\"  id=\"row-832514611\">\n\n\t<div id=\"col-2082545891\" class=\"col medium-4 small-8 large-4\"  >\n\t\t\t\t<div class=\"col-inner\"  >\n\t\t\t\n\t\t\t\n\n\t\t<div class=\"icon-box featured-box icon-box-center text-center is-small\"  >\n\t\t\t\t<div class=\"icon-box-text last-reset\">\n\t\t\t\t\t\t\t\t\t\n<h3>Kiasma Museum Shop<\/h3>\n<p>Mannerheiminaukio 2, 00100<br \/>\nHelsinki, Finland<\/p>\n\t\t<\/div>\n\t<\/div>\n\t\n\t\n\t\t<\/div>\n\t\t\t\t\t<\/div>\n\n\t\n\n\t<div id=\"col-1288113290\" class=\"col medium-4 small-8 large-4\"  >\n\t\t\t\t<div class=\"col-inner\"  >\n\t\t\t\n\t\t\t\n\n\t\t<div class=\"icon-box featured-box icon-box-center text-center is-small\"  >\n\t\t\t\t<div class=\"icon-box-text last-reset\">\n\t\t\t\t\t\t\t\t\t\n<h3>Eesti Rahva Muuseum<\/h3>\n<p>Muuseumi tee 2<br \/>\nTartu, Estonia<\/p>\n\t\t<\/div>\n\t<\/div>\n\t\n\t\n\t\t<\/div>\n\t\t\t\t\t<\/div>\n\n\t\n\n\t<div id=\"col-236398211\" class=\"col medium-4 small-8 large-4\"  >\n\t\t\t\t<div class=\"col-inner\"  >\n\t\t\t\n\t\t\t\n\n\t\t<div class=\"icon-box featured-box icon-box-center text-center is-small\"  >\n\t\t\t\t<div class=\"icon-box-text last-reset\">\n\t\t\t\t\t\t\t\t\t\n<h3>Iloinen Viivi<\/h3>\n<p>Toritie 12<br \/>\n71800 Siilinj\u00e4rvi, Finland<\/p>\n\t\t<\/div>\n\t<\/div>\n\t\n\t\n\t\t<\/div>\n\t\t\t\t\t<\/div>\n\n\t\n<\/div>\n<div class=\"row align-center\"  id=\"row-339581688\">\n\n\t<div id=\"col-897645352\" class=\"col medium-4 small-8 large-4\"  >\n\t\t\t\t<div class=\"col-inner\"  >\n\t\t\t\n\t\t\t\n\n\t\t<div class=\"icon-box featured-box icon-box-center text-center is-small\"  >\n\t\t\t\t<div class=\"icon-box-text last-reset\">\n\t\t\t\t\t\t\t\t\t\n<h3>Mustam\u00e4e Keskuse Apollo<\/h3>\n<p>Tammsaare tee 104a, 12918 Tallinn<\/p>\n\t\t<\/div>\n\t<\/div>\n\t\n\t\n\t\t<\/div>\n\t\t\t\t\t<\/div>\n\n\t\n\n\t<div id=\"col-102053542\" class=\"col medium-4 small-8 large-4\"  >\n\t\t\t\t<div class=\"col-inner\"  >\n\t\t\t\n\t\t\t\n\n\t\t<div class=\"icon-box featured-box icon-box-center text-center is-small\"  >\n\t\t\t\t<div class=\"icon-box-text last-reset\">\n\t\t\t\t\t\t\t\t\t\n<h3>Solaris Keskuse Apollo<\/h3>\n<p>Estonia pst 9 Tallinn 10134<\/p>\n\t\t<\/div>\n\t<\/div>\n\t\n\t\n\t\t<\/div>\n\t\t\t\t\t<\/div>\n\n\t\n\n\t<div id=\"col-1423883346\" class=\"col medium-4 small-8 large-4\"  >\n\t\t\t\t<div class=\"col-inner\"  >\n\t\t\t\n\t\t\t\n\n\t\t<div class=\"icon-box featured-box icon-box-center text-center is-small\"  >\n\t\t\t\t<div class=\"icon-box-text last-reset\">\n\t\t\t\t\t\t\t\t\t\n<h3>Kristiine Keskuse Apollo<\/h3>\n<p>Endla 45 Tallinn 10615<\/p>\n\t\t<\/div>\n\t<\/div>\n\t\n\t\n\t\t<\/div>\n\t\t\t\t\t<\/div>\n\n\t\n<\/div>\n<div class=\"row align-center\"  id=\"row-1051542795\">\n\n\t<div id=\"col-155769402\" class=\"col medium-4 small-8 large-4\"  >\n\t\t\t\t<div class=\"col-inner\"  >\n\t\t\t\n\t\t\t\n\n\t\t<div class=\"icon-box featured-box icon-box-center text-center is-small\"  >\n\t\t\t\t<div class=\"icon-box-text last-reset\">\n\t\t\t\t\t\t\t\t\t\n<h3>\u00dclemiste Keskuse Apollo<\/h3>\n<p>Suur-S\u00f5jam\u00e4e 4, Tallinn<\/p>\n\t\t<\/div>\n\t<\/div>\n\t\n\t\n\t\t<\/div>\n\t\t\t\t\t<\/div>\n\n\t\n\n\t<div id=\"col-1153418301\" class=\"col medium-4 small-8 large-4\"  >\n\t\t\t\t<div class=\"col-inner\"  >\n\t\t\t\n\t\t\t\n\n\t\t<div class=\"icon-box featured-box icon-box-center text-center is-small\"  >\n\t\t\t\t<div class=\"icon-box-text last-reset\">\n\t\t\t\t\t\t\t\t\t\n<h3>Viimsi Keskuse Apollo<\/h3>\n<p>S\u00f5pruse tee 15, Haabneeme<\/p>\n\t\t<\/div>\n\t<\/div>\n\t\n\t\n\t\t<\/div>\n\t\t\t\t\t<\/div>\n\n\t\n\n\t<div id=\"col-1435103572\" class=\"col medium-4 small-8 large-4\"  >\n\t\t\t\t<div class=\"col-inner\"  >\n\t\t\t\n\t\t\t\n\n\t\t<div class=\"icon-box featured-box icon-box-center text-center is-small\"  >\n\t\t\t\t<div class=\"icon-box-text last-reset\">\n\t\t\t\t\t\t\t\t\t\n<h3>J\u00e4rve Keskuse Apollo<\/h3>\n<p>P\u00e4rnu maantee 238, 11624 Tallinn<\/p>\n\t\t<\/div>\n\t<\/div>\n\t\n\t\n\t\t<\/div>\n\t\t\t\t\t<\/div>\n\n\t\n<\/div>\n<div class=\"row align-center\"  id=\"row-1527420213\">\n\n\t<div id=\"col-811702987\" class=\"col medium-4 small-8 large-4\"  >\n\t\t\t\t<div class=\"col-inner\"  >\n\t\t\t\n\t\t\t\n\n\t\t<div class=\"icon-box featured-box icon-box-center text-center is-small\"  >\n\t\t\t\t<div class=\"icon-box-text last-reset\">\n\t\t\t\t\t\t\t\t\t\n<h3>Lasnam\u00e4e Centrumi Apollo<\/h3>\n<p>Mustakivi tee 13, Tallinn<\/p>\n\t\t<\/div>\n\t<\/div>\n\t\n\t\n\t\t<\/div>\n\t\t\t\t\t<\/div>\n\n\t\n\n\t<div id=\"col-1305904175\" class=\"col medium-4 small-8 large-4\"  >\n\t\t\t\t<div class=\"col-inner\"  >\n\t\t\t\n\t\t\t\n\n\t\t<div class=\"icon-box featured-box icon-box-center text-center is-small\"  >\n\t\t\t\t<div class=\"icon-box-text last-reset\">\n\t\t\t\t\t\t\t\t\t\n<h3>Mustam\u00e4e Keskuse Apollo Outlet<\/h3>\n<p>Tammsaare tee 104a, 12918 Tallinn<\/p>\n\t\t<\/div>\n\t<\/div>\n\t\n\t\n\t\t<\/div>\n\t\t\t\t\t<\/div>\n\n\t\n\n\t<div id=\"col-1999784463\" class=\"col medium-4 small-8 large-4\"  >\n\t\t\t\t<div class=\"col-inner\"  >\n\t\t\t\n\t\t\t\n\n\t\t<div class=\"icon-box featured-box icon-box-center text-center is-small\"  >\n\t\t\t\t<div class=\"icon-box-text last-reset\">\n\t\t\t\t\t\t\t\t\t\n<h3>Tartu L\u00f5unakeskuse Apollo<\/h3>\n<p>Ringtee 75, Tartu<\/p>\n\t\t<\/div>\n\t<\/div>\n\t\n\t\n\t\t<\/div>\n\t\t\t\t\t<\/div>\n\n\t\n<\/div>\n<div class=\"row align-center\"  id=\"row-1280251672\">\n\n\t<div id=\"col-902366412\" class=\"col medium-4 small-8 large-4\"  >\n\t\t\t\t<div class=\"col-inner\"  >\n\t\t\t\n\t\t\t\n\n\t\t<div class=\"icon-box featured-box icon-box-center text-center is-small\"  >\n\t\t\t\t<div class=\"icon-box-text last-reset\">\n\t\t\t\t\t\t\t\t\t\n<h3>Tartu Kaubamaja Apollo<\/h3>\n<p>Riia 1, 51013 Tartu<\/p>\n\t\t<\/div>\n\t<\/div>\n\t\n\t\n\t\t<\/div>\n\t\t\t\t\t<\/div>\n\n\t\n\n\t<div id=\"col-239285710\" class=\"col medium-4 small-8 large-4\"  >\n\t\t\t\t<div class=\"col-inner\"  >\n\t\t\t\n\t\t\t\n\n\t\t<div class=\"icon-box featured-box icon-box-center text-center is-small\"  >\n\t\t\t\t<div class=\"icon-box-text last-reset\">\n\t\t\t\t\t\t\t\t\t\n<h3>Tartu Kvartali Apollo<\/h3>\n<p>Riia 2, 51004 Tartu<\/p>\n\t\t<\/div>\n\t<\/div>\n\t\n\t\n\t\t<\/div>\n\t\t\t\t\t<\/div>\n\n\t\n\n\t<div id=\"col-864539717\" class=\"col medium-4 small-8 large-4\"  >\n\t\t\t\t<div class=\"col-inner\"  >\n\t\t\t\n\t\t\t\n\n\t\t<div class=\"icon-box featured-box icon-box-center text-center is-small\"  >\n\t\t\t\t<div class=\"icon-box-text last-reset\">\n\t\t\t\t\t\t\t\t\t\n<h3>Uku Keskuse Apollo<\/h3>\n<p>Tallinna tn 41, Viljandi<\/p>\n\t\t<\/div>\n\t<\/div>\n\t\n\t\n\t\t<\/div>\n\t\t\t\t\t<\/div>\n\n\t\n<\/div>\n<div class=\"row align-center\"  id=\"row-330274743\">\n\n\t<div id=\"col-1052162015\" class=\"col medium-4 small-8 large-4\"  >\n\t\t\t\t<div class=\"col-inner\"  >\n\t\t\t\n\t\t\t\n\n\t\t<div class=\"icon-box featured-box icon-box-center text-center is-small\"  >\n\t\t\t\t<div class=\"icon-box-text last-reset\">\n\t\t\t\t\t\t\t\t\t\n<h3>P\u00e4rnu Keskuse Apollo<\/h3>\n<p>Lai 5, P\u00e4rnu<\/p>\n\t\t<\/div>\n\t<\/div>\n\t\n\t\n\t\t<\/div>\n\t\t\t\t\t<\/div>\n\n\t\n\n\t<div id=\"col-1692887348\" class=\"col medium-4 small-8 large-4\"  >\n\t\t\t\t<div class=\"col-inner\"  >\n\t\t\t\n\t\t\t\n\n\t\t<div class=\"icon-box featured-box icon-box-center text-center is-small\"  >\n\t\t\t\t<div class=\"icon-box-text last-reset\">\n\t\t\t\t\t\t\t\t\t\n<h3>P\u00e4rnu Kaubamajaka Apollo<\/h3>\n<p>Papiniidu 8, P\u00e4rnu<\/p>\n\t\t<\/div>\n\t<\/div>\n\t\n\t\n\t\t<\/div>\n\t\t\t\t\t<\/div>\n\n\t\n\n\t<div id=\"col-1137681540\" class=\"col medium-4 small-8 large-4\"  >\n\t\t\t\t<div class=\"col-inner\"  >\n\t\t\t\n\t\t\t\n\n\t\t<div class=\"icon-box featured-box icon-box-center text-center is-small\"  >\n\t\t\t\t<div class=\"icon-box-text last-reset\">\n\t\t\t\t\t\t\t\t\t\n<h3>Kroonikeskuse Apollo<\/h3>\n<p>Ferdinand Gustav Adoffi 11, Rakvere<\/p>\n\t\t<\/div>\n\t<\/div>\n\t\n\t\n\t\t<\/div>\n\t\t\t\t\t<\/div>\n\n\t\n<\/div>\n<div class=\"row align-center\"  id=\"row-545124474\">\n\n\t<div id=\"col-826032285\" class=\"col medium-4 small-8 large-4\"  >\n\t\t\t\t<div class=\"col-inner\"  >\n\t\t\t\n\t\t\t\n\n\t\t<div class=\"icon-box featured-box icon-box-center text-center is-small\"  >\n\t\t\t\t<div class=\"icon-box-text last-reset\">\n\t\t\t\t\t\t\t\t\t\n<h3>Haapsalu Kaubamaja Apollo<\/h3>\n<p>Tallinna mnt 1, Haapsalu<\/p>\n\t\t<\/div>\n\t<\/div>\n\t\n\t\n\t\t<\/div>\n\t\t\t\t\t<\/div>\n\n\t\n\n\t<div id=\"col-1942461321\" class=\"col medium-4 small-8 large-4\"  >\n\t\t\t\t<div class=\"col-inner\"  >\n\t\t\t\n\t\t\t\n\n\t\t<div class=\"icon-box featured-box icon-box-center text-center is-small\"  >\n\t\t\t\t<div class=\"icon-box-text last-reset\">\n\t\t\t\t\t\t\t\t\t\n<h3>Auriga keskuse Apollo<\/h3>\n<p>Tallinna 88, Kudjape, Saaremaa<\/p>\n\t\t<\/div>\n\t<\/div>\n\t\n\t\n\t\t<\/div>\n\t\t\t\t\t<\/div>\n\n\t\n\n\t<div id=\"col-1853042268\" class=\"col medium-4 small-8 large-4\"  >\n\t\t\t\t<div class=\"col-inner\"  >\n\t\t\t\n\t\t\t\n\n\t\t<div class=\"icon-box featured-box icon-box-center text-center is-small\"  >\n\t\t\t\t<div class=\"icon-box-text last-reset\">\n\t\t\t\t\t\t\t\t\t\n\t\t<\/div>\n\t<\/div>\n\t\n\t\n\t\t<\/div>\n\t\t\t\t\t<\/div>\n\n\t\n<\/div>\n<div class=\"row align-center\"  id=\"row-2040459912\">\n\n\t<div id=\"col-1775748815\" class=\"col medium-4 small-8 large-4\"  >\n\t\t\t\t<div class=\"col-inner\"  >\n\t\t\t\n\t\t\t\n\n\t\t<div class=\"icon-box featured-box icon-box-center text-center is-small\"  >\n\t\t\t\t<div class=\"icon-box-text last-reset\">\n\t\t\t\t\t\t\t\t\t\n<h3>Goldtime Kristiine<\/h3>\n<p>Endla 45, Tallinn<\/p>\n\t\t<\/div>\n\t<\/div>\n\t\n\t\n\t\t<\/div>\n\t\t\t\t\t<\/div>\n\n\t\n\n\t<div id=\"col-1457671261\" class=\"col medium-4 small-8 large-4\"  >\n\t\t\t\t<div class=\"col-inner\"  >\n\t\t\t\n\t\t\t\n\n\t\t<div class=\"icon-box featured-box icon-box-center text-center is-small\"  >\n\t\t\t\t<div class=\"icon-box-text last-reset\">\n\t\t\t\t\t\t\t\t\t\n<h3>Goldtime Viru<\/h3>\n<p>Viru v\u00e4ljak 4, Tallinn<\/p>\n\t\t<\/div>\n\t<\/div>\n\t\n\t\n\t\t<\/div>\n\t\t\t\t\t<\/div>\n\n\t\n\n\t<div id=\"col-944736244\" class=\"col medium-4 small-8 large-4\"  >\n\t\t\t\t<div class=\"col-inner\"  >\n\t\t\t\n\t\t\t\n\n\t\t<div class=\"icon-box featured-box icon-box-center text-center is-small\"  >\n\t\t\t\t<div class=\"icon-box-text last-reset\">\n\t\t\t\t\t\t\t\t\t\n<h3>Goldtime \u00dclemiste<\/h3>\n<p>Suur-S\u00f5jam\u00e4e 4, Tallinn\u200e<\/p>\n\t\t<\/div>\n\t<\/div>\n\t\n\t\n\t\t<\/div>\n\t\t\t\t\t<\/div>\n\n\t\n<\/div>\n<div class=\"row align-center\"  id=\"row-314291973\">\n\n\t<div id=\"col-821667290\" class=\"col medium-4 small-8 large-4\"  >\n\t\t\t\t<div class=\"col-inner\"  >\n\t\t\t\n\t\t\t\n\n\t\t<div class=\"icon-box featured-box icon-box-center text-center is-small\"  >\n\t\t\t\t<div class=\"icon-box-text last-reset\">\n\t\t\t\t\t\t\t\t\t\n<h3>Goldtime L\u00f5unakeskus<\/h3>\n<p>Ringtee 75, Tartu<\/p>\n\t\t<\/div>\n\t<\/div>\n\t\n\t\n\t\t<\/div>\n\t\t\t\t\t<\/div>\n\n\t\n\n\t<div id=\"col-1766950095\" class=\"col medium-4 small-8 large-4\"  >\n\t\t\t\t<div class=\"col-inner\"  >\n\t\t\t\n\t\t\t\n\n\t\t<div class=\"icon-box featured-box icon-box-center text-center is-small\"  >\n\t\t\t\t<div class=\"icon-box-text last-reset\">\n\t\t\t\t\t\t\t\t\t\n\t\t<\/div>\n\t<\/div>\n\t\n\t\n\t\t<\/div>\n\t\t\t\t\t<\/div>\n\n\t\n\n\t<div id=\"col-318512082\" class=\"col medium-4 small-8 large-4\"  >\n\t\t\t\t<div class=\"col-inner\"  >\n\t\t\t\n\t\t\t\n\n\t\t<div class=\"icon-box featured-box icon-box-center text-center is-small\"  >\n\t\t\t\t<div class=\"icon-box-text last-reset\">\n\t\t\t\t\t\t\t\t\t\n\t\t<\/div>\n\t<\/div>\n\t\n\t\n\t\t<\/div>\n\t\t\t\t\t<\/div>\n\n\t\n<\/div>\n","protected":false},"excerpt":{"rendered":"","protected":false},"author":1,"featured_media":0,"parent":0,"menu_order":4,"comment_status":"closed","ping_status":"closed","template":"","meta":{"footnotes":""},"class_list":["post-12949","page","type-page","status-publish","hentry"],"yoast_head":"<!-- This site is optimized with the Yoast SEO plugin v24.0 - https:\/\/yoast.com\/wordpress\/plugins\/seo\/ -->\n<title>Edasim\u00fc\u00fcjad - Kirju.co<\/title>\n<meta name=\"robots\" content=\"index, follow, max-snippet:-1, max-image-preview:large, max-video-preview:-1\" \/>\n<link rel=\"canonical\" href=\"https:\/\/www.kirju.co\/et\/stores\/\" \/>\n<meta property=\"og:locale\" content=\"et_EE\" \/>\n<meta property=\"og:type\" content=\"article\" \/>\n<meta property=\"og:title\" content=\"Edasim\u00fc\u00fcjad - Kirju.co\" \/>\n<meta property=\"og:url\" content=\"https:\/\/www.kirju.co\/et\/stores\/\" \/>\n<meta property=\"og:site_name\" content=\"Kirju.co\" \/>\n<meta property=\"article:publisher\" content=\"https:\/\/www.facebook.com\/Kirju\/\" \/>\n<meta property=\"article:modified_time\" content=\"2021-10-13T12:54:24+00:00\" \/>\n<meta name=\"twitter:card\" content=\"summary_large_image\" \/>\n<meta name=\"twitter:label1\" content=\"Est. reading time\" \/>\n\t<meta name=\"twitter:data1\" content=\"4 minutes\" \/>\n<script type=\"application\/ld+json\" class=\"yoast-schema-graph\">{\"@context\":\"https:\/\/schema.org\",\"@graph\":[{\"@type\":\"WebPage\",\"@id\":\"https:\/\/www.kirju.co\/et\/stores\/\",\"url\":\"https:\/\/www.kirju.co\/et\/stores\/\",\"name\":\"Edasim\u00fc\u00fcjad - Kirju.co\",\"isPartOf\":{\"@id\":\"https:\/\/www.kirju.co\/et\/#website\"},\"datePublished\":\"2018-11-07T10:07:24+00:00\",\"dateModified\":\"2021-10-13T12:54:24+00:00\",\"breadcrumb\":{\"@id\":\"https:\/\/www.kirju.co\/et\/stores\/#breadcrumb\"},\"inLanguage\":\"et\",\"potentialAction\":[{\"@type\":\"ReadAction\",\"target\":[\"https:\/\/www.kirju.co\/et\/stores\/\"]}]},{\"@type\":\"BreadcrumbList\",\"@id\":\"https:\/\/www.kirju.co\/et\/stores\/#breadcrumb\",\"itemListElement\":[{\"@type\":\"ListItem\",\"position\":1,\"name\":\"Home\",\"item\":\"https:\/\/www.kirju.co\/et\/\"},{\"@type\":\"ListItem\",\"position\":2,\"name\":\"Edasim\u00fc\u00fcjad\"}]},{\"@type\":\"WebSite\",\"@id\":\"https:\/\/www.kirju.co\/et\/#website\",\"url\":\"https:\/\/www.kirju.co\/et\/\",\"name\":\"Kirju.co\",\"description\":\"Created to spice up your everyday streetstyle.\",\"potentialAction\":[{\"@type\":\"SearchAction\",\"target\":{\"@type\":\"EntryPoint\",\"urlTemplate\":\"https:\/\/www.kirju.co\/et\/?s={search_term_string}\"},\"query-input\":{\"@type\":\"PropertyValueSpecification\",\"valueRequired\":true,\"valueName\":\"search_term_string\"}}],\"inLanguage\":\"et\"}]}<\/script>\n<!-- \/ Yoast SEO plugin. -->","yoast_head_json":{"title":"Edasim\u00fc\u00fcjad - Kirju.co","robots":{"index":"index","follow":"follow","max-snippet":"max-snippet:-1","max-image-preview":"max-image-preview:large","max-video-preview":"max-video-preview:-1"},"canonical":"https:\/\/www.kirju.co\/et\/stores\/","og_locale":"et_EE","og_type":"article","og_title":"Edasim\u00fc\u00fcjad - Kirju.co","og_url":"https:\/\/www.kirju.co\/et\/stores\/","og_site_name":"Kirju.co","article_publisher":"https:\/\/www.facebook.com\/Kirju\/","article_modified_time":"2021-10-13T12:54:24+00:00","twitter_card":"summary_large_image","twitter_misc":{"Est. reading time":"4 minutes"},"schema":{"@context":"https:\/\/schema.org","@graph":[{"@type":"WebPage","@id":"https:\/\/www.kirju.co\/et\/stores\/","url":"https:\/\/www.kirju.co\/et\/stores\/","name":"Edasim\u00fc\u00fcjad - Kirju.co","isPartOf":{"@id":"https:\/\/www.kirju.co\/et\/#website"},"datePublished":"2018-11-07T10:07:24+00:00","dateModified":"2021-10-13T12:54:24+00:00","breadcrumb":{"@id":"https:\/\/www.kirju.co\/et\/stores\/#breadcrumb"},"inLanguage":"et","potentialAction":[{"@type":"ReadAction","target":["https:\/\/www.kirju.co\/et\/stores\/"]}]},{"@type":"BreadcrumbList","@id":"https:\/\/www.kirju.co\/et\/stores\/#breadcrumb","itemListElement":[{"@type":"ListItem","position":1,"name":"Home","item":"https:\/\/www.kirju.co\/et\/"},{"@type":"ListItem","position":2,"name":"Edasim\u00fc\u00fcjad"}]},{"@type":"WebSite","@id":"https:\/\/www.kirju.co\/et\/#website","url":"https:\/\/www.kirju.co\/et\/","name":"Kirju.co","description":"Created to spice up your everyday streetstyle.","potentialAction":[{"@type":"SearchAction","target":{"@type":"EntryPoint","urlTemplate":"https:\/\/www.kirju.co\/et\/?s={search_term_string}"},"query-input":{"@type":"PropertyValueSpecification","valueRequired":true,"valueName":"search_term_string"}}],"inLanguage":"et"}]}},"_links":{"self":[{"href":"https:\/\/www.kirju.co\/et\/wp-json\/wp\/v2\/pages\/12949","targetHints":{"allow":["GET"]}}],"collection":[{"href":"https:\/\/www.kirju.co\/et\/wp-json\/wp\/v2\/pages"}],"about":[{"href":"https:\/\/www.kirju.co\/et\/wp-json\/wp\/v2\/types\/page"}],"author":[{"embeddable":true,"href":"https:\/\/www.kirju.co\/et\/wp-json\/wp\/v2\/users\/1"}],"replies":[{"embeddable":true,"href":"https:\/\/www.kirju.co\/et\/wp-json\/wp\/v2\/comments?post=12949"}],"version-history":[{"count":2,"href":"https:\/\/www.kirju.co\/et\/wp-json\/wp\/v2\/pages\/12949\/revisions"}],"predecessor-version":[{"id":13980,"href":"https:\/\/www.kirju.co\/et\/wp-json\/wp\/v2\/pages\/12949\/revisions\/13980"}],"wp:attachment":[{"href":"https:\/\/www.kirju.co\/et\/wp-json\/wp\/v2\/media?parent=12949"}],"curies":[{"name":"wp","href":"https:\/\/api.w.org\/{rel}","templated":true}]}}