{"id":14027,"date":"2021-09-25T14:35:23","date_gmt":"2021-09-25T11:35:23","guid":{"rendered":"https:\/\/www.kirju.co\/shop\/maaratlemata\/kirju-wolf-ring-gold\/"},"modified":"2022-01-02T10:52:08","modified_gmt":"2022-01-02T08:52:08","slug":"wolf-sormus-925-kullatud-14k","status":"publish","type":"product","link":"https:\/\/www.kirju.co\/et\/pood\/ehted\/sormused\/wolf-sormus-925-kullatud-14k\/","title":{"rendered":"Wolf s\u00f5rmus 925, kullatud 14K"},"content":{"rendered":"<p><strong>Hundi s\u00f5rmus kuld<\/strong><\/p>\n<p><em>Suurused<\/em><\/p>\n<p>S &#8211; \u00f8 15.5mm; pikkus 51,8mm<br \/>\nM &#8211; \u00f8 17.7mm; pikkus 55,6mm<br \/>\nL &#8211; \u00f8 19.0mm; pikkus 59,7mm<\/p>\n<p>\u2022 14K kullaga kaetud h\u00f5be 925<br \/>\n\u2022 Kinkekarbis<\/p>\n<p><strong>Hooldus<\/strong><\/p>\n<p>Parim vahend ehete puhastamiseks kodus on soe vesi. Puhastage ehted \u00f5rnatoimelise n\u00f5udepesuvahendi ja sooja vee lahuses. Loputage hoolikalt ja kuivatage pehme lapiga.<\/p>\n<p>Parima tulemuse saavutamiseks poleerige h\u00f5beehteid spetsiaalse ehete poleerimise lapiga.<\/p>\n<p><a href=\"\/\"><img loading=\"lazy\" decoding=\"async\" class=\"alignnone size-full wp-image-24054\" src=\"https:\/\/www.talidesign.eu\/wp\/wp-content\/uploads\/2021\/03\/logo-1.jpg\" alt=\"\" width=\"500\" height=\"100\" \/><\/a><\/p>\n","protected":false},"excerpt":{"rendered":"<p><strong>Hundi s\u00f5rmus kuld<\/strong><\/p>\n<p><em>Suurused<\/em><\/p>\n<p>S &#8211; \u00f8 15.5mm; pikkus 51,8mm<br \/>\nM &#8211; \u00f8 17.7mm; pikkus 55,6mm<br \/>\nL &#8211; \u00f8 19.0mm; pikkus 59,7mm<\/p>\n<p>\u2022 <a href=\"\/et\/tootekategooria\/brandid\/kirju-co-et\/\">Br\u00e4nd KIRJU.CO<\/a><br \/>\n\u2022 14K kullaga kaetud h\u00f5be 925<br \/>\n\u2022 Kinkekarbis<\/p>\n<p><strong>Hooldus<\/strong><\/p>\n<p>Parim vahend ehete puhastamiseks kodus on soe vesi. Puhastage ehted \u00f5rnatoimelise n\u00f5udepesuvahendi ja sooja vee lahuses. Loputage hoolikalt ja kuivatage pehme lapiga.<\/p>\n<p>Parima tulemuse saavutamiseks poleerige h\u00f5beehteid spetsiaalse ehete poleerimise lapiga.<\/p>\n<p><a href=\"\/\"><img loading=\"lazy\" decoding=\"async\" class=\"alignnone size-full wp-image-24054\" src=\"https:\/\/www.talidesign.eu\/wp\/wp-content\/uploads\/2021\/03\/logo-1.jpg\" alt=\"\" width=\"500\" height=\"100\" \/><\/a><\/p>\n","protected":false},"featured_media":13921,"template":"","meta":[],"product_cat":[382],"product_tag":[391],"class_list":{"0":"post-14027","1":"product","2":"type-product","3":"status-publish","4":"has-post-thumbnail","6":"product_cat-sormused","7":"product_tag-kirju-jewellery-et","9":"first","10":"instock","11":"featured","12":"taxable","13":"shipping-taxable","14":"purchasable","15":"product-type-variable"},"yoast_head":"<!-- This site is optimized with the Yoast SEO plugin v24.0 - https:\/\/yoast.com\/wordpress\/plugins\/seo\/ -->\n<title>Wolf s\u00f5rmus 925, kullatud 14K - Kirju.co<\/title>\n<meta name=\"robots\" content=\"index, follow, max-snippet:-1, max-image-preview:large, max-video-preview:-1\" \/>\n<link rel=\"canonical\" href=\"https:\/\/www.kirju.co\/et\/pood\/ehted\/sormused\/wolf-sormus-925-kullatud-14k\/\" \/>\n<meta property=\"og:locale\" content=\"et_EE\" \/>\n<meta property=\"og:type\" content=\"article\" \/>\n<meta property=\"og:title\" content=\"Wolf s\u00f5rmus 925, kullatud 14K - Kirju.co\" \/>\n<meta property=\"og:description\" content=\"Hundi s\u00f5rmus kuld  Suurused  S - \u00f8 15.5mm; pikkus 51,8mm M - \u00f8 17.7mm; pikkus 55,6mm L - \u00f8 19.0mm; pikkus 59,7mm  \u2022 Br\u00e4nd KIRJU.CO \u2022 14K kullaga kaetud h\u00f5be 925 \u2022 Kinkekarbis  Hooldus  Parim vahend ehete puhastamiseks kodus on soe vesi. Puhastage ehted \u00f5rnatoimelise n\u00f5udepesuvahendi ja sooja vee lahuses. Loputage hoolikalt ja kuivatage pehme lapiga.  Parima tulemuse saavutamiseks poleerige h\u00f5beehteid spetsiaalse ehete poleerimise lapiga.\" \/>\n<meta property=\"og:url\" content=\"https:\/\/www.kirju.co\/et\/pood\/ehted\/sormused\/wolf-sormus-925-kullatud-14k\/\" \/>\n<meta property=\"og:site_name\" content=\"Kirju.co\" \/>\n<meta property=\"article:publisher\" content=\"https:\/\/www.facebook.com\/Kirju\/\" \/>\n<meta property=\"article:modified_time\" content=\"2022-01-02T08:52:08+00:00\" \/>\n<meta property=\"og:image\" content=\"https:\/\/www.kirju.co\/wp\/wp-content\/uploads\/2021\/09\/Wolf-Ring_gold.jpg\" \/>\n\t<meta property=\"og:image:width\" content=\"1200\" \/>\n\t<meta property=\"og:image:height\" content=\"1200\" \/>\n\t<meta property=\"og:image:type\" content=\"image\/jpeg\" \/>\n<meta name=\"twitter:card\" content=\"summary_large_image\" \/>\n<meta name=\"twitter:label1\" content=\"Est. reading time\" \/>\n\t<meta name=\"twitter:data1\" content=\"1 minute\" \/>\n<script type=\"application\/ld+json\" class=\"yoast-schema-graph\">{\"@context\":\"https:\/\/schema.org\",\"@graph\":[{\"@type\":\"WebPage\",\"@id\":\"https:\/\/www.kirju.co\/et\/pood\/ehted\/sormused\/wolf-sormus-925-kullatud-14k\/\",\"url\":\"https:\/\/www.kirju.co\/et\/pood\/ehted\/sormused\/wolf-sormus-925-kullatud-14k\/\",\"name\":\"Wolf s\u00f5rmus 925, kullatud 14K - Kirju.co\",\"isPartOf\":{\"@id\":\"https:\/\/www.kirju.co\/et\/#website\"},\"primaryImageOfPage\":{\"@id\":\"https:\/\/www.kirju.co\/et\/pood\/ehted\/sormused\/wolf-sormus-925-kullatud-14k\/#primaryimage\"},\"image\":{\"@id\":\"https:\/\/www.kirju.co\/et\/pood\/ehted\/sormused\/wolf-sormus-925-kullatud-14k\/#primaryimage\"},\"thumbnailUrl\":\"https:\/\/www.kirju.co\/wp\/wp-content\/uploads\/2021\/09\/Wolf-Ring_gold.jpg\",\"datePublished\":\"2021-09-25T11:35:23+00:00\",\"dateModified\":\"2022-01-02T08:52:08+00:00\",\"breadcrumb\":{\"@id\":\"https:\/\/www.kirju.co\/et\/pood\/ehted\/sormused\/wolf-sormus-925-kullatud-14k\/#breadcrumb\"},\"inLanguage\":\"et\",\"potentialAction\":[{\"@type\":\"ReadAction\",\"target\":[\"https:\/\/www.kirju.co\/et\/pood\/ehted\/sormused\/wolf-sormus-925-kullatud-14k\/\"]}]},{\"@type\":\"ImageObject\",\"inLanguage\":\"et\",\"@id\":\"https:\/\/www.kirju.co\/et\/pood\/ehted\/sormused\/wolf-sormus-925-kullatud-14k\/#primaryimage\",\"url\":\"https:\/\/www.kirju.co\/wp\/wp-content\/uploads\/2021\/09\/Wolf-Ring_gold.jpg\",\"contentUrl\":\"https:\/\/www.kirju.co\/wp\/wp-content\/uploads\/2021\/09\/Wolf-Ring_gold.jpg\",\"width\":1200,\"height\":1200},{\"@type\":\"BreadcrumbList\",\"@id\":\"https:\/\/www.kirju.co\/et\/pood\/ehted\/sormused\/wolf-sormus-925-kullatud-14k\/#breadcrumb\",\"itemListElement\":[{\"@type\":\"ListItem\",\"position\":1,\"name\":\"Home\",\"item\":\"https:\/\/www.kirju.co\/et\/\"},{\"@type\":\"ListItem\",\"position\":2,\"name\":\"E-pood\",\"item\":\"https:\/\/www.kirju.co\/et\/pood\/\"},{\"@type\":\"ListItem\",\"position\":3,\"name\":\"Wolf s\u00f5rmus 925, kullatud 14K\"}]},{\"@type\":\"WebSite\",\"@id\":\"https:\/\/www.kirju.co\/et\/#website\",\"url\":\"https:\/\/www.kirju.co\/et\/\",\"name\":\"Kirju.co\",\"description\":\"Created to spice up your everyday streetstyle.\",\"potentialAction\":[{\"@type\":\"SearchAction\",\"target\":{\"@type\":\"EntryPoint\",\"urlTemplate\":\"https:\/\/www.kirju.co\/et\/?s={search_term_string}\"},\"query-input\":{\"@type\":\"PropertyValueSpecification\",\"valueRequired\":true,\"valueName\":\"search_term_string\"}}],\"inLanguage\":\"et\"}]}<\/script>\n<!-- \/ Yoast SEO plugin. -->","yoast_head_json":{"title":"Wolf s\u00f5rmus 925, kullatud 14K - Kirju.co","robots":{"index":"index","follow":"follow","max-snippet":"max-snippet:-1","max-image-preview":"max-image-preview:large","max-video-preview":"max-video-preview:-1"},"canonical":"https:\/\/www.kirju.co\/et\/pood\/ehted\/sormused\/wolf-sormus-925-kullatud-14k\/","og_locale":"et_EE","og_type":"article","og_title":"Wolf s\u00f5rmus 925, kullatud 14K - Kirju.co","og_description":"Hundi s\u00f5rmus kuld  Suurused  S - \u00f8 15.5mm; pikkus 51,8mm M - \u00f8 17.7mm; pikkus 55,6mm L - \u00f8 19.0mm; pikkus 59,7mm  \u2022 Br\u00e4nd KIRJU.CO \u2022 14K kullaga kaetud h\u00f5be 925 \u2022 Kinkekarbis  Hooldus  Parim vahend ehete puhastamiseks kodus on soe vesi. Puhastage ehted \u00f5rnatoimelise n\u00f5udepesuvahendi ja sooja vee lahuses. Loputage hoolikalt ja kuivatage pehme lapiga.  Parima tulemuse saavutamiseks poleerige h\u00f5beehteid spetsiaalse ehete poleerimise lapiga.","og_url":"https:\/\/www.kirju.co\/et\/pood\/ehted\/sormused\/wolf-sormus-925-kullatud-14k\/","og_site_name":"Kirju.co","article_publisher":"https:\/\/www.facebook.com\/Kirju\/","article_modified_time":"2022-01-02T08:52:08+00:00","og_image":[{"width":1200,"height":1200,"url":"https:\/\/www.kirju.co\/wp\/wp-content\/uploads\/2021\/09\/Wolf-Ring_gold.jpg","type":"image\/jpeg"}],"twitter_card":"summary_large_image","twitter_misc":{"Est. reading time":"1 minute"},"schema":{"@context":"https:\/\/schema.org","@graph":[{"@type":"WebPage","@id":"https:\/\/www.kirju.co\/et\/pood\/ehted\/sormused\/wolf-sormus-925-kullatud-14k\/","url":"https:\/\/www.kirju.co\/et\/pood\/ehted\/sormused\/wolf-sormus-925-kullatud-14k\/","name":"Wolf s\u00f5rmus 925, kullatud 14K - Kirju.co","isPartOf":{"@id":"https:\/\/www.kirju.co\/et\/#website"},"primaryImageOfPage":{"@id":"https:\/\/www.kirju.co\/et\/pood\/ehted\/sormused\/wolf-sormus-925-kullatud-14k\/#primaryimage"},"image":{"@id":"https:\/\/www.kirju.co\/et\/pood\/ehted\/sormused\/wolf-sormus-925-kullatud-14k\/#primaryimage"},"thumbnailUrl":"https:\/\/www.kirju.co\/wp\/wp-content\/uploads\/2021\/09\/Wolf-Ring_gold.jpg","datePublished":"2021-09-25T11:35:23+00:00","dateModified":"2022-01-02T08:52:08+00:00","breadcrumb":{"@id":"https:\/\/www.kirju.co\/et\/pood\/ehted\/sormused\/wolf-sormus-925-kullatud-14k\/#breadcrumb"},"inLanguage":"et","potentialAction":[{"@type":"ReadAction","target":["https:\/\/www.kirju.co\/et\/pood\/ehted\/sormused\/wolf-sormus-925-kullatud-14k\/"]}]},{"@type":"ImageObject","inLanguage":"et","@id":"https:\/\/www.kirju.co\/et\/pood\/ehted\/sormused\/wolf-sormus-925-kullatud-14k\/#primaryimage","url":"https:\/\/www.kirju.co\/wp\/wp-content\/uploads\/2021\/09\/Wolf-Ring_gold.jpg","contentUrl":"https:\/\/www.kirju.co\/wp\/wp-content\/uploads\/2021\/09\/Wolf-Ring_gold.jpg","width":1200,"height":1200},{"@type":"BreadcrumbList","@id":"https:\/\/www.kirju.co\/et\/pood\/ehted\/sormused\/wolf-sormus-925-kullatud-14k\/#breadcrumb","itemListElement":[{"@type":"ListItem","position":1,"name":"Home","item":"https:\/\/www.kirju.co\/et\/"},{"@type":"ListItem","position":2,"name":"E-pood","item":"https:\/\/www.kirju.co\/et\/pood\/"},{"@type":"ListItem","position":3,"name":"Wolf s\u00f5rmus 925, kullatud 14K"}]},{"@type":"WebSite","@id":"https:\/\/www.kirju.co\/et\/#website","url":"https:\/\/www.kirju.co\/et\/","name":"Kirju.co","description":"Created to spice up your everyday streetstyle.","potentialAction":[{"@type":"SearchAction","target":{"@type":"EntryPoint","urlTemplate":"https:\/\/www.kirju.co\/et\/?s={search_term_string}"},"query-input":{"@type":"PropertyValueSpecification","valueRequired":true,"valueName":"search_term_string"}}],"inLanguage":"et"}]}},"_links":{"self":[{"href":"https:\/\/www.kirju.co\/et\/wp-json\/wp\/v2\/product\/14027","targetHints":{"allow":["GET"]}}],"collection":[{"href":"https:\/\/www.kirju.co\/et\/wp-json\/wp\/v2\/product"}],"about":[{"href":"https:\/\/www.kirju.co\/et\/wp-json\/wp\/v2\/types\/product"}],"wp:featuredmedia":[{"embeddable":true,"href":"https:\/\/www.kirju.co\/et\/wp-json\/wp\/v2\/media\/13921"}],"wp:attachment":[{"href":"https:\/\/www.kirju.co\/et\/wp-json\/wp\/v2\/media?parent=14027"}],"wp:term":[{"taxonomy":"product_cat","embeddable":true,"href":"https:\/\/www.kirju.co\/et\/wp-json\/wp\/v2\/product_cat?post=14027"},{"taxonomy":"product_tag","embeddable":true,"href":"https:\/\/www.kirju.co\/et\/wp-json\/wp\/v2\/product_tag?post=14027"}],"curies":[{"name":"wp","href":"https:\/\/api.w.org\/{rel}","templated":true}]}}