{"id":14122,"date":"2021-06-11T14:51:15","date_gmt":"2021-06-11T11:51:15","guid":{"rendered":"https:\/\/www.kirju.co\/shop\/maaratlemata\/kirju-circle-of-love-earrings-rose-gold\/"},"modified":"2021-10-13T22:37:27","modified_gmt":"2021-10-13T19:37:27","slug":"circle-of-love-korvarongad-roosa-kuld","status":"publish","type":"product","link":"https:\/\/www.kirju.co\/et\/pood\/ehted\/korvarongad\/hobekorvarongad\/circle-of-love-korvarongad-roosa-kuld\/","title":{"rendered":"Circle Of Love k\u00f5rvar\u00f5ngad Roosa Kuld"},"content":{"rendered":"<p><strong>Circle Of Love k\u00f5rvar\u00f5ngad Roosa Kuld<\/strong><\/p>\n<p>\u201cCircle Of Love\u201d on p\u00fchendatud l\u00e4himatele inimestele:<br \/>\ns\u00f5brale, kallimale, hingesugulasele, \u00f5ele v\u00f5i kaaslasele.<\/p>\n<p>\u2022 H\u00f5be 925 postiga k\u00f5rvar\u00f5ngad<br \/>\n\u2022 M\u00f5\u00f5dud: 23mm x 23mm<br \/>\n\u2022 Kinkekarbis<\/p>\n<p><strong>Hooldus<\/strong><\/p>\n<p>Parim vahend ehete puhastamiseks kodus on soe vesi. Puhastage ehted \u00f5rnatoimelise n\u00f5udepesuvahendi ja sooja vee lahuses. Loputage hoolikalt ja kuivatage pehme lapiga.<\/p>\n<p>Parima tulemuse saavutamiseks poleerige h\u00f5beehteid spetsiaalse ehete poleerimise lapiga.<\/p>\n<p><a href=\"\/\"><img loading=\"lazy\" decoding=\"async\" class=\"alignnone size-full wp-image-24054\" src=\"https:\/\/www.talidesign.eu\/wp\/wp-content\/uploads\/2021\/03\/logo-1.jpg\" alt=\"\" width=\"500\" height=\"100\" \/><\/a><\/p>\n","protected":false},"excerpt":{"rendered":"<p><strong>Circle Of Love k\u00f5rvar\u00f5ngad Roosa Kuld<\/strong><\/p>\n<p>\u201cCircle Of Love\u201d on p\u00fchendatud l\u00e4himatele inimestele:<br \/>\ns\u00f5brale, kallimale, hingesugulasele, \u00f5ele v\u00f5i kaaslasele.<\/p>\n<p>\u2022 H\u00f5be 925 postiga k\u00f5rvar\u00f5ngad<br \/>\n\u2022 M\u00f5\u00f5dud: 23mm x 23mm<br \/>\n\u2022 Kinkekarbis<\/p>\n<p><strong>Hooldus<\/strong><\/p>\n<p>Parim vahend ehete puhastamiseks kodus on soe vesi. Puhastage ehted \u00f5rnatoimelise n\u00f5udepesuvahendi ja sooja vee lahuses. Loputage hoolikalt ja kuivatage pehme lapiga.<\/p>\n<p>Parima tulemuse saavutamiseks poleerige h\u00f5beehteid spetsiaalse ehete poleerimise lapiga.<\/p>\n<p><a href=\"\/\"><img loading=\"lazy\" decoding=\"async\" class=\"alignnone size-full wp-image-24054\" src=\"https:\/\/www.talidesign.eu\/wp\/wp-content\/uploads\/2021\/03\/logo-1.jpg\" alt=\"\" width=\"500\" height=\"100\" \/><\/a><\/p>\n","protected":false},"featured_media":13517,"template":"","meta":[],"product_cat":[380,376],"product_tag":[391],"class_list":{"0":"post-14122","1":"product","2":"type-product","3":"status-publish","4":"has-post-thumbnail","6":"product_cat-hobekorvarongad","7":"product_cat-summer-allahindlus","8":"product_tag-kirju-jewellery-et","10":"first","11":"instock","12":"sale","13":"taxable","14":"shipping-taxable","15":"purchasable","16":"product-type-simple"},"yoast_head":"<!-- This site is optimized with the Yoast SEO plugin v24.0 - https:\/\/yoast.com\/wordpress\/plugins\/seo\/ -->\n<title>Circle Of Love k\u00f5rvar\u00f5ngad Roosa Kuld - Kirju.co<\/title>\n<meta name=\"robots\" content=\"index, follow, max-snippet:-1, max-image-preview:large, max-video-preview:-1\" \/>\n<link rel=\"canonical\" href=\"https:\/\/www.kirju.co\/et\/pood\/ehted\/korvarongad\/hobekorvarongad\/circle-of-love-korvarongad-roosa-kuld\/\" \/>\n<meta property=\"og:locale\" content=\"et_EE\" \/>\n<meta property=\"og:type\" content=\"article\" \/>\n<meta property=\"og:title\" content=\"Circle Of Love k\u00f5rvar\u00f5ngad Roosa Kuld - Kirju.co\" \/>\n<meta property=\"og:description\" content=\"Circle Of Love k\u00f5rvar\u00f5ngad Roosa Kuld  \u201cCircle Of Love\u201d on p\u00fchendatud l\u00e4himatele inimestele: s\u00f5brale, kallimale, hingesugulasele, \u00f5ele v\u00f5i kaaslasele.  \u2022 H\u00f5be 925 postiga k\u00f5rvar\u00f5ngad \u2022 M\u00f5\u00f5dud: 23mm x 23mm \u2022 Kinkekarbis  Hooldus  Parim vahend ehete puhastamiseks kodus on soe vesi. Puhastage ehted \u00f5rnatoimelise n\u00f5udepesuvahendi ja sooja vee lahuses. Loputage hoolikalt ja kuivatage pehme lapiga.  Parima tulemuse saavutamiseks poleerige h\u00f5beehteid spetsiaalse ehete poleerimise lapiga.\" \/>\n<meta property=\"og:url\" content=\"https:\/\/www.kirju.co\/et\/pood\/ehted\/korvarongad\/hobekorvarongad\/circle-of-love-korvarongad-roosa-kuld\/\" \/>\n<meta property=\"og:site_name\" content=\"Kirju.co\" \/>\n<meta property=\"article:publisher\" content=\"https:\/\/www.facebook.com\/Kirju\/\" \/>\n<meta property=\"article:modified_time\" content=\"2021-10-13T19:37:27+00:00\" \/>\n<meta property=\"og:image\" content=\"https:\/\/www.kirju.co\/wp\/wp-content\/uploads\/2021\/06\/Circle-of-Love_Pink.jpg\" \/>\n\t<meta property=\"og:image:width\" content=\"1950\" \/>\n\t<meta property=\"og:image:height\" content=\"1950\" \/>\n\t<meta property=\"og:image:type\" content=\"image\/jpeg\" \/>\n<meta name=\"twitter:card\" content=\"summary_large_image\" \/>\n<script type=\"application\/ld+json\" class=\"yoast-schema-graph\">{\"@context\":\"https:\/\/schema.org\",\"@graph\":[{\"@type\":\"WebPage\",\"@id\":\"https:\/\/www.kirju.co\/et\/pood\/ehted\/korvarongad\/hobekorvarongad\/circle-of-love-korvarongad-roosa-kuld\/\",\"url\":\"https:\/\/www.kirju.co\/et\/pood\/ehted\/korvarongad\/hobekorvarongad\/circle-of-love-korvarongad-roosa-kuld\/\",\"name\":\"Circle Of Love k\u00f5rvar\u00f5ngad Roosa Kuld - Kirju.co\",\"isPartOf\":{\"@id\":\"https:\/\/www.kirju.co\/et\/#website\"},\"primaryImageOfPage\":{\"@id\":\"https:\/\/www.kirju.co\/et\/pood\/ehted\/korvarongad\/hobekorvarongad\/circle-of-love-korvarongad-roosa-kuld\/#primaryimage\"},\"image\":{\"@id\":\"https:\/\/www.kirju.co\/et\/pood\/ehted\/korvarongad\/hobekorvarongad\/circle-of-love-korvarongad-roosa-kuld\/#primaryimage\"},\"thumbnailUrl\":\"https:\/\/www.kirju.co\/wp\/wp-content\/uploads\/2021\/06\/Circle-of-Love_Pink.jpg\",\"datePublished\":\"2021-06-11T11:51:15+00:00\",\"dateModified\":\"2021-10-13T19:37:27+00:00\",\"breadcrumb\":{\"@id\":\"https:\/\/www.kirju.co\/et\/pood\/ehted\/korvarongad\/hobekorvarongad\/circle-of-love-korvarongad-roosa-kuld\/#breadcrumb\"},\"inLanguage\":\"et\",\"potentialAction\":[{\"@type\":\"ReadAction\",\"target\":[\"https:\/\/www.kirju.co\/et\/pood\/ehted\/korvarongad\/hobekorvarongad\/circle-of-love-korvarongad-roosa-kuld\/\"]}]},{\"@type\":\"ImageObject\",\"inLanguage\":\"et\",\"@id\":\"https:\/\/www.kirju.co\/et\/pood\/ehted\/korvarongad\/hobekorvarongad\/circle-of-love-korvarongad-roosa-kuld\/#primaryimage\",\"url\":\"https:\/\/www.kirju.co\/wp\/wp-content\/uploads\/2021\/06\/Circle-of-Love_Pink.jpg\",\"contentUrl\":\"https:\/\/www.kirju.co\/wp\/wp-content\/uploads\/2021\/06\/Circle-of-Love_Pink.jpg\",\"width\":1950,\"height\":1950},{\"@type\":\"BreadcrumbList\",\"@id\":\"https:\/\/www.kirju.co\/et\/pood\/ehted\/korvarongad\/hobekorvarongad\/circle-of-love-korvarongad-roosa-kuld\/#breadcrumb\",\"itemListElement\":[{\"@type\":\"ListItem\",\"position\":1,\"name\":\"Home\",\"item\":\"https:\/\/www.kirju.co\/et\/\"},{\"@type\":\"ListItem\",\"position\":2,\"name\":\"E-pood\",\"item\":\"https:\/\/www.kirju.co\/et\/pood\/\"},{\"@type\":\"ListItem\",\"position\":3,\"name\":\"Circle Of Love k\u00f5rvar\u00f5ngad Roosa Kuld\"}]},{\"@type\":\"WebSite\",\"@id\":\"https:\/\/www.kirju.co\/et\/#website\",\"url\":\"https:\/\/www.kirju.co\/et\/\",\"name\":\"Kirju.co\",\"description\":\"Created to spice up your everyday streetstyle.\",\"potentialAction\":[{\"@type\":\"SearchAction\",\"target\":{\"@type\":\"EntryPoint\",\"urlTemplate\":\"https:\/\/www.kirju.co\/et\/?s={search_term_string}\"},\"query-input\":{\"@type\":\"PropertyValueSpecification\",\"valueRequired\":true,\"valueName\":\"search_term_string\"}}],\"inLanguage\":\"et\"}]}<\/script>\n<!-- \/ Yoast SEO plugin. -->","yoast_head_json":{"title":"Circle Of Love k\u00f5rvar\u00f5ngad Roosa Kuld - Kirju.co","robots":{"index":"index","follow":"follow","max-snippet":"max-snippet:-1","max-image-preview":"max-image-preview:large","max-video-preview":"max-video-preview:-1"},"canonical":"https:\/\/www.kirju.co\/et\/pood\/ehted\/korvarongad\/hobekorvarongad\/circle-of-love-korvarongad-roosa-kuld\/","og_locale":"et_EE","og_type":"article","og_title":"Circle Of Love k\u00f5rvar\u00f5ngad Roosa Kuld - Kirju.co","og_description":"Circle Of Love k\u00f5rvar\u00f5ngad Roosa Kuld  \u201cCircle Of Love\u201d on p\u00fchendatud l\u00e4himatele inimestele: s\u00f5brale, kallimale, hingesugulasele, \u00f5ele v\u00f5i kaaslasele.  \u2022 H\u00f5be 925 postiga k\u00f5rvar\u00f5ngad \u2022 M\u00f5\u00f5dud: 23mm x 23mm \u2022 Kinkekarbis  Hooldus  Parim vahend ehete puhastamiseks kodus on soe vesi. Puhastage ehted \u00f5rnatoimelise n\u00f5udepesuvahendi ja sooja vee lahuses. Loputage hoolikalt ja kuivatage pehme lapiga.  Parima tulemuse saavutamiseks poleerige h\u00f5beehteid spetsiaalse ehete poleerimise lapiga.","og_url":"https:\/\/www.kirju.co\/et\/pood\/ehted\/korvarongad\/hobekorvarongad\/circle-of-love-korvarongad-roosa-kuld\/","og_site_name":"Kirju.co","article_publisher":"https:\/\/www.facebook.com\/Kirju\/","article_modified_time":"2021-10-13T19:37:27+00:00","og_image":[{"width":1950,"height":1950,"url":"https:\/\/www.kirju.co\/wp\/wp-content\/uploads\/2021\/06\/Circle-of-Love_Pink.jpg","type":"image\/jpeg"}],"twitter_card":"summary_large_image","schema":{"@context":"https:\/\/schema.org","@graph":[{"@type":"WebPage","@id":"https:\/\/www.kirju.co\/et\/pood\/ehted\/korvarongad\/hobekorvarongad\/circle-of-love-korvarongad-roosa-kuld\/","url":"https:\/\/www.kirju.co\/et\/pood\/ehted\/korvarongad\/hobekorvarongad\/circle-of-love-korvarongad-roosa-kuld\/","name":"Circle Of Love k\u00f5rvar\u00f5ngad Roosa Kuld - Kirju.co","isPartOf":{"@id":"https:\/\/www.kirju.co\/et\/#website"},"primaryImageOfPage":{"@id":"https:\/\/www.kirju.co\/et\/pood\/ehted\/korvarongad\/hobekorvarongad\/circle-of-love-korvarongad-roosa-kuld\/#primaryimage"},"image":{"@id":"https:\/\/www.kirju.co\/et\/pood\/ehted\/korvarongad\/hobekorvarongad\/circle-of-love-korvarongad-roosa-kuld\/#primaryimage"},"thumbnailUrl":"https:\/\/www.kirju.co\/wp\/wp-content\/uploads\/2021\/06\/Circle-of-Love_Pink.jpg","datePublished":"2021-06-11T11:51:15+00:00","dateModified":"2021-10-13T19:37:27+00:00","breadcrumb":{"@id":"https:\/\/www.kirju.co\/et\/pood\/ehted\/korvarongad\/hobekorvarongad\/circle-of-love-korvarongad-roosa-kuld\/#breadcrumb"},"inLanguage":"et","potentialAction":[{"@type":"ReadAction","target":["https:\/\/www.kirju.co\/et\/pood\/ehted\/korvarongad\/hobekorvarongad\/circle-of-love-korvarongad-roosa-kuld\/"]}]},{"@type":"ImageObject","inLanguage":"et","@id":"https:\/\/www.kirju.co\/et\/pood\/ehted\/korvarongad\/hobekorvarongad\/circle-of-love-korvarongad-roosa-kuld\/#primaryimage","url":"https:\/\/www.kirju.co\/wp\/wp-content\/uploads\/2021\/06\/Circle-of-Love_Pink.jpg","contentUrl":"https:\/\/www.kirju.co\/wp\/wp-content\/uploads\/2021\/06\/Circle-of-Love_Pink.jpg","width":1950,"height":1950},{"@type":"BreadcrumbList","@id":"https:\/\/www.kirju.co\/et\/pood\/ehted\/korvarongad\/hobekorvarongad\/circle-of-love-korvarongad-roosa-kuld\/#breadcrumb","itemListElement":[{"@type":"ListItem","position":1,"name":"Home","item":"https:\/\/www.kirju.co\/et\/"},{"@type":"ListItem","position":2,"name":"E-pood","item":"https:\/\/www.kirju.co\/et\/pood\/"},{"@type":"ListItem","position":3,"name":"Circle Of Love k\u00f5rvar\u00f5ngad Roosa Kuld"}]},{"@type":"WebSite","@id":"https:\/\/www.kirju.co\/et\/#website","url":"https:\/\/www.kirju.co\/et\/","name":"Kirju.co","description":"Created to spice up your everyday streetstyle.","potentialAction":[{"@type":"SearchAction","target":{"@type":"EntryPoint","urlTemplate":"https:\/\/www.kirju.co\/et\/?s={search_term_string}"},"query-input":{"@type":"PropertyValueSpecification","valueRequired":true,"valueName":"search_term_string"}}],"inLanguage":"et"}]}},"_links":{"self":[{"href":"https:\/\/www.kirju.co\/et\/wp-json\/wp\/v2\/product\/14122","targetHints":{"allow":["GET"]}}],"collection":[{"href":"https:\/\/www.kirju.co\/et\/wp-json\/wp\/v2\/product"}],"about":[{"href":"https:\/\/www.kirju.co\/et\/wp-json\/wp\/v2\/types\/product"}],"wp:featuredmedia":[{"embeddable":true,"href":"https:\/\/www.kirju.co\/et\/wp-json\/wp\/v2\/media\/13517"}],"wp:attachment":[{"href":"https:\/\/www.kirju.co\/et\/wp-json\/wp\/v2\/media?parent=14122"}],"wp:term":[{"taxonomy":"product_cat","embeddable":true,"href":"https:\/\/www.kirju.co\/et\/wp-json\/wp\/v2\/product_cat?post=14122"},{"taxonomy":"product_tag","embeddable":true,"href":"https:\/\/www.kirju.co\/et\/wp-json\/wp\/v2\/product_tag?post=14122"}],"curies":[{"name":"wp","href":"https:\/\/api.w.org\/{rel}","templated":true}]}}