{"id":14133,"date":"2021-04-15T12:37:19","date_gmt":"2021-04-15T09:37:19","guid":{"rendered":"https:\/\/www.kirju.co\/shop\/maaratlemata\/kirju-crystal-arc-earrings-silver\/"},"modified":"2021-10-13T23:04:27","modified_gmt":"2021-10-13T20:04:27","slug":"crystal-arc-korvarongad-hobe","status":"publish","type":"product","link":"https:\/\/www.kirju.co\/et\/pood\/ehted\/korvarongad\/hobekorvarongad\/crystal-arc-korvarongad-hobe\/","title":{"rendered":"Crystal Arc k\u00f5rvar\u00f5ngad H\u00f5be"},"content":{"rendered":"<p><strong>Crystal Arc k\u00f5rvar\u00f5ngad H\u00f5be<\/strong><\/p>\n<p>&#8220;Ear climbers&#8221; on uus stiil, mis annab oman\u00e4olise v\u00e4limuse, ilma et oleks vaja mitut k\u00f5rvaauku.<\/p>\n<p>\u2022 H\u00f5be 925 haagiga k\u00f5rvar\u00f5ngad<br \/>\n\u2022 L\u00e4bipaistev Zirconia<br \/>\n\u2022 M\u00f5\u00f5dud: 25mm x 4,3mm<br \/>\n\u2022 Kinkekarbis<\/p>\n<p><strong>Hooldus<\/strong><\/p>\n<p>Parim vahend ehete puhastamiseks kodus on soe vesi. Puhastage ehted \u00f5rnatoimelise n\u00f5udepesuvahendi ja sooja vee lahuses. Loputage hoolikalt ja kuivatage pehme lapiga.<\/p>\n<p>Parima tulemuse saavutamiseks poleerige h\u00f5beehteid spetsiaalse ehete poleerimise lapiga.<\/p>\n<p><a href=\"\/\"><img loading=\"lazy\" decoding=\"async\" class=\"alignnone size-full wp-image-24054\" src=\"https:\/\/www.talidesign.eu\/wp\/wp-content\/uploads\/2021\/03\/logo-1.jpg\" alt=\"\" width=\"500\" height=\"100\" \/><\/a><\/p>\n","protected":false},"excerpt":{"rendered":"<p><strong>Crystal Arc k\u00f5rvar\u00f5ngad H\u00f5be<\/strong><\/p>\n<p>&#8220;Ear climbers&#8221; on uus stiil, mis annab oman\u00e4olise v\u00e4limuse, ilma et oleks vaja mitut k\u00f5rvaauku.<\/p>\n<p>\u2022 H\u00f5be 925 haagiga k\u00f5rvar\u00f5ngad<br \/>\n\u2022 L\u00e4bipaistev Zirconia<br \/>\n\u2022 M\u00f5\u00f5dud: 25mm x 4,3mm<br \/>\n\u2022 Kinkekarbis<\/p>\n<p><strong>Hooldus<\/strong><\/p>\n<p>Parim vahend ehete puhastamiseks kodus on soe vesi. Puhastage ehted \u00f5rnatoimelise n\u00f5udepesuvahendi ja sooja vee lahuses. Loputage hoolikalt ja kuivatage pehme lapiga.<\/p>\n<p>Parima tulemuse saavutamiseks poleerige h\u00f5beehteid spetsiaalse ehete poleerimise lapiga.<\/p>\n<p><a href=\"\/\"><img loading=\"lazy\" decoding=\"async\" class=\"alignnone size-full wp-image-24054\" src=\"https:\/\/www.talidesign.eu\/wp\/wp-content\/uploads\/2021\/03\/logo-1.jpg\" alt=\"\" width=\"500\" height=\"100\" \/><\/a><\/p>\n","protected":false},"featured_media":13424,"template":"","meta":[],"product_cat":[380],"product_tag":[391],"class_list":{"0":"post-14133","1":"product","2":"type-product","3":"status-publish","4":"has-post-thumbnail","6":"product_cat-hobekorvarongad","7":"product_tag-kirju-jewellery-et","9":"first","10":"instock","11":"taxable","12":"shipping-taxable","13":"purchasable","14":"product-type-simple"},"yoast_head":"<!-- This site is optimized with the Yoast SEO plugin v24.0 - https:\/\/yoast.com\/wordpress\/plugins\/seo\/ -->\n<title>Crystal Arc k\u00f5rvar\u00f5ngad H\u00f5be - Kirju.co<\/title>\n<meta name=\"robots\" content=\"index, follow, max-snippet:-1, max-image-preview:large, max-video-preview:-1\" \/>\n<link rel=\"canonical\" href=\"https:\/\/www.kirju.co\/et\/pood\/ehted\/korvarongad\/hobekorvarongad\/crystal-arc-korvarongad-hobe\/\" \/>\n<meta property=\"og:locale\" content=\"et_EE\" \/>\n<meta property=\"og:type\" content=\"article\" \/>\n<meta property=\"og:title\" content=\"Crystal Arc k\u00f5rvar\u00f5ngad H\u00f5be - Kirju.co\" \/>\n<meta property=\"og:description\" content=\"Crystal Arc k\u00f5rvar\u00f5ngad H\u00f5be  &quot;Ear climbers&quot; on uus stiil, mis annab oman\u00e4olise v\u00e4limuse, ilma et oleks vaja mitut k\u00f5rvaauku.  \u2022 H\u00f5be 925 haagiga k\u00f5rvar\u00f5ngad \u2022 L\u00e4bipaistev Zirconia \u2022 M\u00f5\u00f5dud: 25mm x 4,3mm \u2022 Kinkekarbis  Hooldus  Parim vahend ehete puhastamiseks kodus on soe vesi. Puhastage ehted \u00f5rnatoimelise n\u00f5udepesuvahendi ja sooja vee lahuses. Loputage hoolikalt ja kuivatage pehme lapiga.  Parima tulemuse saavutamiseks poleerige h\u00f5beehteid spetsiaalse ehete poleerimise lapiga.\" \/>\n<meta property=\"og:url\" content=\"https:\/\/www.kirju.co\/et\/pood\/ehted\/korvarongad\/hobekorvarongad\/crystal-arc-korvarongad-hobe\/\" \/>\n<meta property=\"og:site_name\" content=\"Kirju.co\" \/>\n<meta property=\"article:publisher\" content=\"https:\/\/www.facebook.com\/Kirju\/\" \/>\n<meta property=\"article:modified_time\" content=\"2021-10-13T20:04:27+00:00\" \/>\n<meta property=\"og:image\" content=\"https:\/\/www.kirju.co\/wp\/wp-content\/uploads\/2021\/03\/Climber-CZ-silver.jpg\" \/>\n\t<meta property=\"og:image:width\" content=\"1950\" \/>\n\t<meta property=\"og:image:height\" content=\"1950\" \/>\n\t<meta property=\"og:image:type\" content=\"image\/jpeg\" \/>\n<meta name=\"twitter:card\" content=\"summary_large_image\" \/>\n<script type=\"application\/ld+json\" class=\"yoast-schema-graph\">{\"@context\":\"https:\/\/schema.org\",\"@graph\":[{\"@type\":\"WebPage\",\"@id\":\"https:\/\/www.kirju.co\/et\/pood\/ehted\/korvarongad\/hobekorvarongad\/crystal-arc-korvarongad-hobe\/\",\"url\":\"https:\/\/www.kirju.co\/et\/pood\/ehted\/korvarongad\/hobekorvarongad\/crystal-arc-korvarongad-hobe\/\",\"name\":\"Crystal Arc k\u00f5rvar\u00f5ngad H\u00f5be - Kirju.co\",\"isPartOf\":{\"@id\":\"https:\/\/www.kirju.co\/et\/#website\"},\"primaryImageOfPage\":{\"@id\":\"https:\/\/www.kirju.co\/et\/pood\/ehted\/korvarongad\/hobekorvarongad\/crystal-arc-korvarongad-hobe\/#primaryimage\"},\"image\":{\"@id\":\"https:\/\/www.kirju.co\/et\/pood\/ehted\/korvarongad\/hobekorvarongad\/crystal-arc-korvarongad-hobe\/#primaryimage\"},\"thumbnailUrl\":\"https:\/\/www.kirju.co\/wp\/wp-content\/uploads\/2021\/03\/Climber-CZ-silver.jpg\",\"datePublished\":\"2021-04-15T09:37:19+00:00\",\"dateModified\":\"2021-10-13T20:04:27+00:00\",\"breadcrumb\":{\"@id\":\"https:\/\/www.kirju.co\/et\/pood\/ehted\/korvarongad\/hobekorvarongad\/crystal-arc-korvarongad-hobe\/#breadcrumb\"},\"inLanguage\":\"et\",\"potentialAction\":[{\"@type\":\"ReadAction\",\"target\":[\"https:\/\/www.kirju.co\/et\/pood\/ehted\/korvarongad\/hobekorvarongad\/crystal-arc-korvarongad-hobe\/\"]}]},{\"@type\":\"ImageObject\",\"inLanguage\":\"et\",\"@id\":\"https:\/\/www.kirju.co\/et\/pood\/ehted\/korvarongad\/hobekorvarongad\/crystal-arc-korvarongad-hobe\/#primaryimage\",\"url\":\"https:\/\/www.kirju.co\/wp\/wp-content\/uploads\/2021\/03\/Climber-CZ-silver.jpg\",\"contentUrl\":\"https:\/\/www.kirju.co\/wp\/wp-content\/uploads\/2021\/03\/Climber-CZ-silver.jpg\",\"width\":1950,\"height\":1950},{\"@type\":\"BreadcrumbList\",\"@id\":\"https:\/\/www.kirju.co\/et\/pood\/ehted\/korvarongad\/hobekorvarongad\/crystal-arc-korvarongad-hobe\/#breadcrumb\",\"itemListElement\":[{\"@type\":\"ListItem\",\"position\":1,\"name\":\"Home\",\"item\":\"https:\/\/www.kirju.co\/et\/\"},{\"@type\":\"ListItem\",\"position\":2,\"name\":\"E-pood\",\"item\":\"https:\/\/www.kirju.co\/et\/pood\/\"},{\"@type\":\"ListItem\",\"position\":3,\"name\":\"Crystal Arc k\u00f5rvar\u00f5ngad H\u00f5be\"}]},{\"@type\":\"WebSite\",\"@id\":\"https:\/\/www.kirju.co\/et\/#website\",\"url\":\"https:\/\/www.kirju.co\/et\/\",\"name\":\"Kirju.co\",\"description\":\"Created to spice up your everyday streetstyle.\",\"potentialAction\":[{\"@type\":\"SearchAction\",\"target\":{\"@type\":\"EntryPoint\",\"urlTemplate\":\"https:\/\/www.kirju.co\/et\/?s={search_term_string}\"},\"query-input\":{\"@type\":\"PropertyValueSpecification\",\"valueRequired\":true,\"valueName\":\"search_term_string\"}}],\"inLanguage\":\"et\"}]}<\/script>\n<!-- \/ Yoast SEO plugin. -->","yoast_head_json":{"title":"Crystal Arc k\u00f5rvar\u00f5ngad H\u00f5be - Kirju.co","robots":{"index":"index","follow":"follow","max-snippet":"max-snippet:-1","max-image-preview":"max-image-preview:large","max-video-preview":"max-video-preview:-1"},"canonical":"https:\/\/www.kirju.co\/et\/pood\/ehted\/korvarongad\/hobekorvarongad\/crystal-arc-korvarongad-hobe\/","og_locale":"et_EE","og_type":"article","og_title":"Crystal Arc k\u00f5rvar\u00f5ngad H\u00f5be - Kirju.co","og_description":"Crystal Arc k\u00f5rvar\u00f5ngad H\u00f5be  \"Ear climbers\" on uus stiil, mis annab oman\u00e4olise v\u00e4limuse, ilma et oleks vaja mitut k\u00f5rvaauku.  \u2022 H\u00f5be 925 haagiga k\u00f5rvar\u00f5ngad \u2022 L\u00e4bipaistev Zirconia \u2022 M\u00f5\u00f5dud: 25mm x 4,3mm \u2022 Kinkekarbis  Hooldus  Parim vahend ehete puhastamiseks kodus on soe vesi. Puhastage ehted \u00f5rnatoimelise n\u00f5udepesuvahendi ja sooja vee lahuses. Loputage hoolikalt ja kuivatage pehme lapiga.  Parima tulemuse saavutamiseks poleerige h\u00f5beehteid spetsiaalse ehete poleerimise lapiga.","og_url":"https:\/\/www.kirju.co\/et\/pood\/ehted\/korvarongad\/hobekorvarongad\/crystal-arc-korvarongad-hobe\/","og_site_name":"Kirju.co","article_publisher":"https:\/\/www.facebook.com\/Kirju\/","article_modified_time":"2021-10-13T20:04:27+00:00","og_image":[{"width":1950,"height":1950,"url":"https:\/\/www.kirju.co\/wp\/wp-content\/uploads\/2021\/03\/Climber-CZ-silver.jpg","type":"image\/jpeg"}],"twitter_card":"summary_large_image","schema":{"@context":"https:\/\/schema.org","@graph":[{"@type":"WebPage","@id":"https:\/\/www.kirju.co\/et\/pood\/ehted\/korvarongad\/hobekorvarongad\/crystal-arc-korvarongad-hobe\/","url":"https:\/\/www.kirju.co\/et\/pood\/ehted\/korvarongad\/hobekorvarongad\/crystal-arc-korvarongad-hobe\/","name":"Crystal Arc k\u00f5rvar\u00f5ngad H\u00f5be - Kirju.co","isPartOf":{"@id":"https:\/\/www.kirju.co\/et\/#website"},"primaryImageOfPage":{"@id":"https:\/\/www.kirju.co\/et\/pood\/ehted\/korvarongad\/hobekorvarongad\/crystal-arc-korvarongad-hobe\/#primaryimage"},"image":{"@id":"https:\/\/www.kirju.co\/et\/pood\/ehted\/korvarongad\/hobekorvarongad\/crystal-arc-korvarongad-hobe\/#primaryimage"},"thumbnailUrl":"https:\/\/www.kirju.co\/wp\/wp-content\/uploads\/2021\/03\/Climber-CZ-silver.jpg","datePublished":"2021-04-15T09:37:19+00:00","dateModified":"2021-10-13T20:04:27+00:00","breadcrumb":{"@id":"https:\/\/www.kirju.co\/et\/pood\/ehted\/korvarongad\/hobekorvarongad\/crystal-arc-korvarongad-hobe\/#breadcrumb"},"inLanguage":"et","potentialAction":[{"@type":"ReadAction","target":["https:\/\/www.kirju.co\/et\/pood\/ehted\/korvarongad\/hobekorvarongad\/crystal-arc-korvarongad-hobe\/"]}]},{"@type":"ImageObject","inLanguage":"et","@id":"https:\/\/www.kirju.co\/et\/pood\/ehted\/korvarongad\/hobekorvarongad\/crystal-arc-korvarongad-hobe\/#primaryimage","url":"https:\/\/www.kirju.co\/wp\/wp-content\/uploads\/2021\/03\/Climber-CZ-silver.jpg","contentUrl":"https:\/\/www.kirju.co\/wp\/wp-content\/uploads\/2021\/03\/Climber-CZ-silver.jpg","width":1950,"height":1950},{"@type":"BreadcrumbList","@id":"https:\/\/www.kirju.co\/et\/pood\/ehted\/korvarongad\/hobekorvarongad\/crystal-arc-korvarongad-hobe\/#breadcrumb","itemListElement":[{"@type":"ListItem","position":1,"name":"Home","item":"https:\/\/www.kirju.co\/et\/"},{"@type":"ListItem","position":2,"name":"E-pood","item":"https:\/\/www.kirju.co\/et\/pood\/"},{"@type":"ListItem","position":3,"name":"Crystal Arc k\u00f5rvar\u00f5ngad H\u00f5be"}]},{"@type":"WebSite","@id":"https:\/\/www.kirju.co\/et\/#website","url":"https:\/\/www.kirju.co\/et\/","name":"Kirju.co","description":"Created to spice up your everyday streetstyle.","potentialAction":[{"@type":"SearchAction","target":{"@type":"EntryPoint","urlTemplate":"https:\/\/www.kirju.co\/et\/?s={search_term_string}"},"query-input":{"@type":"PropertyValueSpecification","valueRequired":true,"valueName":"search_term_string"}}],"inLanguage":"et"}]}},"_links":{"self":[{"href":"https:\/\/www.kirju.co\/et\/wp-json\/wp\/v2\/product\/14133","targetHints":{"allow":["GET"]}}],"collection":[{"href":"https:\/\/www.kirju.co\/et\/wp-json\/wp\/v2\/product"}],"about":[{"href":"https:\/\/www.kirju.co\/et\/wp-json\/wp\/v2\/types\/product"}],"wp:featuredmedia":[{"embeddable":true,"href":"https:\/\/www.kirju.co\/et\/wp-json\/wp\/v2\/media\/13424"}],"wp:attachment":[{"href":"https:\/\/www.kirju.co\/et\/wp-json\/wp\/v2\/media?parent=14133"}],"wp:term":[{"taxonomy":"product_cat","embeddable":true,"href":"https:\/\/www.kirju.co\/et\/wp-json\/wp\/v2\/product_cat?post=14133"},{"taxonomy":"product_tag","embeddable":true,"href":"https:\/\/www.kirju.co\/et\/wp-json\/wp\/v2\/product_tag?post=14133"}],"curies":[{"name":"wp","href":"https:\/\/api.w.org\/{rel}","templated":true}]}}