{"id":14181,"date":"2021-03-20T12:36:35","date_gmt":"2021-03-20T10:36:35","guid":{"rendered":"https:\/\/www.kirju.co\/shop\/maaratlemata\/kirju-mini-cat-earrings-silver\/"},"modified":"2021-12-07T09:18:51","modified_gmt":"2021-12-07T07:18:51","slug":"mini-cat-korvarongad-hobe","status":"publish","type":"product","link":"https:\/\/www.kirju.co\/et\/pood\/ehted\/korvarongad\/hobekorvarongad\/mini-cat-korvarongad-hobe\/","title":{"rendered":"Mini Cat k\u00f5rvar\u00f5ngad H\u00f5be"},"content":{"rendered":"<p><strong>Mini Kassi motiiviga k\u00f5rvar\u00f5ngad H\u00f5be<\/strong><\/p>\n<p>\u2022 H\u00f5be 925 postiga k\u00f5rvar\u00f5ngad<br \/>\n\u2022 M\u00f5\u00f5dud: 6mm x 7,2mm<br \/>\n\u2022 Kinkekarbis<\/p>\n<p><strong>Hooldus<\/strong><\/p>\n<p>Parim vahend ehete puhastamiseks kodus on soe vesi. Puhastage ehted \u00f5rnatoimelise n\u00f5udepesuvahendi ja sooja vee lahuses. Loputage hoolikalt ja kuivatage pehme lapiga.<\/p>\n<p>Parima tulemuse saavutamiseks poleerige h\u00f5beehteid spetsiaalse ehete poleerimise lapiga.<\/p>\n<p><a href=\"\/\"><img loading=\"lazy\" decoding=\"async\" class=\"alignnone size-full wp-image-24054\" src=\"https:\/\/www.talidesign.eu\/wp\/wp-content\/uploads\/2021\/03\/logo-1.jpg\" alt=\"\" width=\"500\" height=\"100\" \/><\/a><\/p>\n","protected":false},"excerpt":{"rendered":"<p><strong>Mini Kassi motiiviga k\u00f5rvar\u00f5ngad H\u00f5be<\/strong><\/p>\n<p>\u2022 H\u00f5be 925 postiga k\u00f5rvar\u00f5ngad<br \/>\n\u2022 M\u00f5\u00f5dud: 6mm x 7,2mm<br \/>\n\u2022 Kinkekarbis<\/p>\n<p><strong>Hooldus<\/strong><\/p>\n<p>Parim vahend ehete puhastamiseks kodus on soe vesi. Puhastage ehted \u00f5rnatoimelise n\u00f5udepesuvahendi ja sooja vee lahuses. Loputage hoolikalt ja kuivatage pehme lapiga.<\/p>\n<p>Parima tulemuse saavutamiseks poleerige h\u00f5beehteid spetsiaalse ehete poleerimise lapiga.<\/p>\n<p><a href=\"\/\"><img loading=\"lazy\" decoding=\"async\" class=\"alignnone size-full wp-image-24054\" src=\"https:\/\/www.talidesign.eu\/wp\/wp-content\/uploads\/2021\/03\/logo-1.jpg\" alt=\"\" width=\"500\" height=\"100\" \/><\/a><\/p>\n","protected":false},"featured_media":13378,"template":"","meta":[],"product_cat":[380,375],"product_tag":[391],"class_list":{"0":"post-14181","1":"product","2":"type-product","3":"status-publish","4":"has-post-thumbnail","6":"product_cat-hobekorvarongad","7":"product_cat-minid","8":"product_tag-kirju-jewellery-et","10":"first","11":"instock","12":"taxable","13":"shipping-taxable","14":"purchasable","15":"product-type-simple"},"yoast_head":"<!-- This site is optimized with the Yoast SEO plugin v24.0 - https:\/\/yoast.com\/wordpress\/plugins\/seo\/ -->\n<title>Mini Cat k\u00f5rvar\u00f5ngad H\u00f5be - Kirju.co<\/title>\n<meta name=\"robots\" content=\"index, follow, max-snippet:-1, max-image-preview:large, max-video-preview:-1\" \/>\n<link rel=\"canonical\" href=\"https:\/\/www.kirju.co\/et\/pood\/ehted\/korvarongad\/hobekorvarongad\/mini-cat-korvarongad-hobe\/\" \/>\n<meta property=\"og:locale\" content=\"et_EE\" \/>\n<meta property=\"og:type\" content=\"article\" \/>\n<meta property=\"og:title\" content=\"Mini Cat k\u00f5rvar\u00f5ngad H\u00f5be - Kirju.co\" \/>\n<meta property=\"og:description\" content=\"Mini Kassi motiiviga k\u00f5rvar\u00f5ngad H\u00f5be  \u2022 H\u00f5be 925 postiga k\u00f5rvar\u00f5ngad \u2022 M\u00f5\u00f5dud: 6mm x 7,2mm \u2022 Kinkekarbis  Hooldus  Parim vahend ehete puhastamiseks kodus on soe vesi. Puhastage ehted \u00f5rnatoimelise n\u00f5udepesuvahendi ja sooja vee lahuses. Loputage hoolikalt ja kuivatage pehme lapiga.  Parima tulemuse saavutamiseks poleerige h\u00f5beehteid spetsiaalse ehete poleerimise lapiga.\" \/>\n<meta property=\"og:url\" content=\"https:\/\/www.kirju.co\/et\/pood\/ehted\/korvarongad\/hobekorvarongad\/mini-cat-korvarongad-hobe\/\" \/>\n<meta property=\"og:site_name\" content=\"Kirju.co\" \/>\n<meta property=\"article:publisher\" content=\"https:\/\/www.facebook.com\/Kirju\/\" \/>\n<meta property=\"article:modified_time\" content=\"2021-12-07T07:18:51+00:00\" \/>\n<meta property=\"og:image\" content=\"https:\/\/www.kirju.co\/wp\/wp-content\/uploads\/2021\/03\/mini-cat-silver-rhodium-scaled-1.jpg\" \/>\n\t<meta property=\"og:image:width\" content=\"2560\" \/>\n\t<meta property=\"og:image:height\" content=\"2560\" \/>\n\t<meta property=\"og:image:type\" content=\"image\/jpeg\" \/>\n<meta name=\"twitter:card\" content=\"summary_large_image\" \/>\n<script type=\"application\/ld+json\" class=\"yoast-schema-graph\">{\"@context\":\"https:\/\/schema.org\",\"@graph\":[{\"@type\":\"WebPage\",\"@id\":\"https:\/\/www.kirju.co\/et\/pood\/ehted\/korvarongad\/hobekorvarongad\/mini-cat-korvarongad-hobe\/\",\"url\":\"https:\/\/www.kirju.co\/et\/pood\/ehted\/korvarongad\/hobekorvarongad\/mini-cat-korvarongad-hobe\/\",\"name\":\"Mini Cat k\u00f5rvar\u00f5ngad H\u00f5be - Kirju.co\",\"isPartOf\":{\"@id\":\"https:\/\/www.kirju.co\/et\/#website\"},\"primaryImageOfPage\":{\"@id\":\"https:\/\/www.kirju.co\/et\/pood\/ehted\/korvarongad\/hobekorvarongad\/mini-cat-korvarongad-hobe\/#primaryimage\"},\"image\":{\"@id\":\"https:\/\/www.kirju.co\/et\/pood\/ehted\/korvarongad\/hobekorvarongad\/mini-cat-korvarongad-hobe\/#primaryimage\"},\"thumbnailUrl\":\"https:\/\/www.kirju.co\/wp\/wp-content\/uploads\/2021\/03\/mini-cat-silver-rhodium-scaled-1.jpg\",\"datePublished\":\"2021-03-20T10:36:35+00:00\",\"dateModified\":\"2021-12-07T07:18:51+00:00\",\"breadcrumb\":{\"@id\":\"https:\/\/www.kirju.co\/et\/pood\/ehted\/korvarongad\/hobekorvarongad\/mini-cat-korvarongad-hobe\/#breadcrumb\"},\"inLanguage\":\"et\",\"potentialAction\":[{\"@type\":\"ReadAction\",\"target\":[\"https:\/\/www.kirju.co\/et\/pood\/ehted\/korvarongad\/hobekorvarongad\/mini-cat-korvarongad-hobe\/\"]}]},{\"@type\":\"ImageObject\",\"inLanguage\":\"et\",\"@id\":\"https:\/\/www.kirju.co\/et\/pood\/ehted\/korvarongad\/hobekorvarongad\/mini-cat-korvarongad-hobe\/#primaryimage\",\"url\":\"https:\/\/www.kirju.co\/wp\/wp-content\/uploads\/2021\/03\/mini-cat-silver-rhodium-scaled-1.jpg\",\"contentUrl\":\"https:\/\/www.kirju.co\/wp\/wp-content\/uploads\/2021\/03\/mini-cat-silver-rhodium-scaled-1.jpg\",\"width\":2560,\"height\":2560},{\"@type\":\"BreadcrumbList\",\"@id\":\"https:\/\/www.kirju.co\/et\/pood\/ehted\/korvarongad\/hobekorvarongad\/mini-cat-korvarongad-hobe\/#breadcrumb\",\"itemListElement\":[{\"@type\":\"ListItem\",\"position\":1,\"name\":\"Home\",\"item\":\"https:\/\/www.kirju.co\/et\/\"},{\"@type\":\"ListItem\",\"position\":2,\"name\":\"E-pood\",\"item\":\"https:\/\/www.kirju.co\/et\/pood\/\"},{\"@type\":\"ListItem\",\"position\":3,\"name\":\"Mini Cat k\u00f5rvar\u00f5ngad H\u00f5be\"}]},{\"@type\":\"WebSite\",\"@id\":\"https:\/\/www.kirju.co\/et\/#website\",\"url\":\"https:\/\/www.kirju.co\/et\/\",\"name\":\"Kirju.co\",\"description\":\"Created to spice up your everyday streetstyle.\",\"potentialAction\":[{\"@type\":\"SearchAction\",\"target\":{\"@type\":\"EntryPoint\",\"urlTemplate\":\"https:\/\/www.kirju.co\/et\/?s={search_term_string}\"},\"query-input\":{\"@type\":\"PropertyValueSpecification\",\"valueRequired\":true,\"valueName\":\"search_term_string\"}}],\"inLanguage\":\"et\"}]}<\/script>\n<!-- \/ Yoast SEO plugin. -->","yoast_head_json":{"title":"Mini Cat k\u00f5rvar\u00f5ngad H\u00f5be - Kirju.co","robots":{"index":"index","follow":"follow","max-snippet":"max-snippet:-1","max-image-preview":"max-image-preview:large","max-video-preview":"max-video-preview:-1"},"canonical":"https:\/\/www.kirju.co\/et\/pood\/ehted\/korvarongad\/hobekorvarongad\/mini-cat-korvarongad-hobe\/","og_locale":"et_EE","og_type":"article","og_title":"Mini Cat k\u00f5rvar\u00f5ngad H\u00f5be - Kirju.co","og_description":"Mini Kassi motiiviga k\u00f5rvar\u00f5ngad H\u00f5be  \u2022 H\u00f5be 925 postiga k\u00f5rvar\u00f5ngad \u2022 M\u00f5\u00f5dud: 6mm x 7,2mm \u2022 Kinkekarbis  Hooldus  Parim vahend ehete puhastamiseks kodus on soe vesi. Puhastage ehted \u00f5rnatoimelise n\u00f5udepesuvahendi ja sooja vee lahuses. Loputage hoolikalt ja kuivatage pehme lapiga.  Parima tulemuse saavutamiseks poleerige h\u00f5beehteid spetsiaalse ehete poleerimise lapiga.","og_url":"https:\/\/www.kirju.co\/et\/pood\/ehted\/korvarongad\/hobekorvarongad\/mini-cat-korvarongad-hobe\/","og_site_name":"Kirju.co","article_publisher":"https:\/\/www.facebook.com\/Kirju\/","article_modified_time":"2021-12-07T07:18:51+00:00","og_image":[{"width":2560,"height":2560,"url":"https:\/\/www.kirju.co\/wp\/wp-content\/uploads\/2021\/03\/mini-cat-silver-rhodium-scaled-1.jpg","type":"image\/jpeg"}],"twitter_card":"summary_large_image","schema":{"@context":"https:\/\/schema.org","@graph":[{"@type":"WebPage","@id":"https:\/\/www.kirju.co\/et\/pood\/ehted\/korvarongad\/hobekorvarongad\/mini-cat-korvarongad-hobe\/","url":"https:\/\/www.kirju.co\/et\/pood\/ehted\/korvarongad\/hobekorvarongad\/mini-cat-korvarongad-hobe\/","name":"Mini Cat k\u00f5rvar\u00f5ngad H\u00f5be - Kirju.co","isPartOf":{"@id":"https:\/\/www.kirju.co\/et\/#website"},"primaryImageOfPage":{"@id":"https:\/\/www.kirju.co\/et\/pood\/ehted\/korvarongad\/hobekorvarongad\/mini-cat-korvarongad-hobe\/#primaryimage"},"image":{"@id":"https:\/\/www.kirju.co\/et\/pood\/ehted\/korvarongad\/hobekorvarongad\/mini-cat-korvarongad-hobe\/#primaryimage"},"thumbnailUrl":"https:\/\/www.kirju.co\/wp\/wp-content\/uploads\/2021\/03\/mini-cat-silver-rhodium-scaled-1.jpg","datePublished":"2021-03-20T10:36:35+00:00","dateModified":"2021-12-07T07:18:51+00:00","breadcrumb":{"@id":"https:\/\/www.kirju.co\/et\/pood\/ehted\/korvarongad\/hobekorvarongad\/mini-cat-korvarongad-hobe\/#breadcrumb"},"inLanguage":"et","potentialAction":[{"@type":"ReadAction","target":["https:\/\/www.kirju.co\/et\/pood\/ehted\/korvarongad\/hobekorvarongad\/mini-cat-korvarongad-hobe\/"]}]},{"@type":"ImageObject","inLanguage":"et","@id":"https:\/\/www.kirju.co\/et\/pood\/ehted\/korvarongad\/hobekorvarongad\/mini-cat-korvarongad-hobe\/#primaryimage","url":"https:\/\/www.kirju.co\/wp\/wp-content\/uploads\/2021\/03\/mini-cat-silver-rhodium-scaled-1.jpg","contentUrl":"https:\/\/www.kirju.co\/wp\/wp-content\/uploads\/2021\/03\/mini-cat-silver-rhodium-scaled-1.jpg","width":2560,"height":2560},{"@type":"BreadcrumbList","@id":"https:\/\/www.kirju.co\/et\/pood\/ehted\/korvarongad\/hobekorvarongad\/mini-cat-korvarongad-hobe\/#breadcrumb","itemListElement":[{"@type":"ListItem","position":1,"name":"Home","item":"https:\/\/www.kirju.co\/et\/"},{"@type":"ListItem","position":2,"name":"E-pood","item":"https:\/\/www.kirju.co\/et\/pood\/"},{"@type":"ListItem","position":3,"name":"Mini Cat k\u00f5rvar\u00f5ngad H\u00f5be"}]},{"@type":"WebSite","@id":"https:\/\/www.kirju.co\/et\/#website","url":"https:\/\/www.kirju.co\/et\/","name":"Kirju.co","description":"Created to spice up your everyday streetstyle.","potentialAction":[{"@type":"SearchAction","target":{"@type":"EntryPoint","urlTemplate":"https:\/\/www.kirju.co\/et\/?s={search_term_string}"},"query-input":{"@type":"PropertyValueSpecification","valueRequired":true,"valueName":"search_term_string"}}],"inLanguage":"et"}]}},"_links":{"self":[{"href":"https:\/\/www.kirju.co\/et\/wp-json\/wp\/v2\/product\/14181","targetHints":{"allow":["GET"]}}],"collection":[{"href":"https:\/\/www.kirju.co\/et\/wp-json\/wp\/v2\/product"}],"about":[{"href":"https:\/\/www.kirju.co\/et\/wp-json\/wp\/v2\/types\/product"}],"wp:featuredmedia":[{"embeddable":true,"href":"https:\/\/www.kirju.co\/et\/wp-json\/wp\/v2\/media\/13378"}],"wp:attachment":[{"href":"https:\/\/www.kirju.co\/et\/wp-json\/wp\/v2\/media?parent=14181"}],"wp:term":[{"taxonomy":"product_cat","embeddable":true,"href":"https:\/\/www.kirju.co\/et\/wp-json\/wp\/v2\/product_cat?post=14181"},{"taxonomy":"product_tag","embeddable":true,"href":"https:\/\/www.kirju.co\/et\/wp-json\/wp\/v2\/product_tag?post=14181"}],"curies":[{"name":"wp","href":"https:\/\/api.w.org\/{rel}","templated":true}]}}